{"id":90,"date":"2023-04-01T13:18:09","date_gmt":"2023-04-01T11:18:09","guid":{"rendered":"http:\/\/lamaisonwisteria.fr\/?page_id=90"},"modified":"2023-06-09T11:48:52","modified_gmt":"2023-06-09T09:48:52","slug":"la-piscine","status":"publish","type":"page","link":"https:\/\/lamaisonwisteria.fr\/index.php\/la-piscine\/","title":{"rendered":"La piscine"},"content":{"rendered":"<p>[et_pb_section fb_built=\u00a0\u00bb1&Prime; _builder_version=\u00a0\u00bb4.21.0&Prime; _module_preset=\u00a0\u00bbdefault\u00a0\u00bb hover_enabled=\u00a0\u00bb0&Prime; global_colors_info=\u00a0\u00bb{}\u00a0\u00bb title_text=\u00a0\u00bbfond pierre\u00a0\u00bb background_image=\u00a0\u00bbhttps:\/\/lamaisonwisteria.fr\/wp-content\/uploads\/2023\/04\/fond-pierre.jpg\u00a0\u00bb sticky_enabled=\u00a0\u00bb0&Prime;][et_pb_row _builder_version=\u00a0\u00bb4.21.0&Prime; _module_preset=\u00a0\u00bbdefault\u00a0\u00bb global_colors_info=\u00a0\u00bb{}\u00a0\u00bb][et_pb_column type=\u00a0\u00bb4_4&Prime; _builder_version=\u00a0\u00bb4.21.0&Prime; _module_preset=\u00a0\u00bbdefault\u00a0\u00bb global_colors_info=\u00a0\u00bb{}\u00a0\u00bb][et_pb_text _builder_version=\u00a0\u00bb4.21.0&Prime; _module_preset=\u00a0\u00bbdefault\u00a0\u00bb global_colors_info=\u00a0\u00bb{}\u00a0\u00bb]<\/p>\n<p><em><strong>La piscine<\/strong><\/em><\/p>\n<p>De juin \u00e0 septembre, profitez de la piscine de la maison WISTERIA.\u00a0<\/p>\n<p>[\/et_pb_text][\/et_pb_column][\/et_pb_row][et_pb_row _builder_version=\u00a0\u00bb4.21.0&Prime; _module_preset=\u00a0\u00bbdefault\u00a0\u00bb global_colors_info=\u00a0\u00bb{}\u00a0\u00bb][et_pb_column type=\u00a0\u00bb4_4&Prime; _builder_version=\u00a0\u00bb4.21.0&Prime; _module_preset=\u00a0\u00bbdefault\u00a0\u00bb global_colors_info=\u00a0\u00bb{}\u00a0\u00bb][et_pb_image src=\u00a0\u00bbhttps:\/\/lamaisonwisteria.fr\/wp-content\/uploads\/2023\/06\/DJI_0407.jpg\u00a0\u00bb title_text=\u00a0\u00bbVue d&rsquo;en haut\u00a0\u00bb _builder_version=\u00a0\u00bb4.21.0&Prime; _module_preset=\u00a0\u00bbdefault\u00a0\u00bb border_width_all=\u00a0\u00bb8px\u00a0\u00bb border_color_all=\u00a0\u00bb#2e2148&Prime; global_colors_info=\u00a0\u00bb{}\u00a0\u00bb][\/et_pb_image][\/et_pb_column][\/et_pb_row][\/et_pb_section]<\/p>\n","protected":false},"excerpt":{"rendered":"<p>La piscine De juin \u00e0 septembre, profitez de la piscine de la maison WISTERIA.\u00a0<\/p>\n","protected":false},"author":1,"featured_media":0,"parent":0,"menu_order":0,"comment_status":"closed","ping_status":"closed","template":"","meta":{"_et_pb_use_builder":"on","_et_pb_old_content":"","_et_gb_content_width":"","om_disable_all_campaigns":false,"_mi_skip_tracking":false,"footnotes":""},"class_list":["post-90","page","type-page","status-publish","hentry"],"aioseo_notices":[],"yoast_head":"<!-- This site is optimized with the Yoast SEO plugin v20.5 - https:\/\/yoast.com\/wordpress\/plugins\/seo\/ -->\n<title>La piscine -<\/title>\n<meta name=\"robots\" content=\"index, follow, max-snippet:-1, max-image-preview:large, max-video-preview:-1\" \/>\n<link rel=\"canonical\" href=\"https:\/\/lamaisonwisteria.fr\/index.php\/la-piscine\/\" \/>\n<meta property=\"og:locale\" content=\"fr_FR\" \/>\n<meta property=\"og:type\" content=\"article\" \/>\n<meta property=\"og:title\" content=\"La piscine -\" \/>\n<meta property=\"og:description\" content=\"La piscine De juin \u00e0 septembre, profitez de la piscine de la maison WISTERIA.\u00a0\" \/>\n<meta property=\"og:url\" content=\"https:\/\/lamaisonwisteria.fr\/index.php\/la-piscine\/\" \/>\n<meta property=\"article:modified_time\" content=\"2023-06-09T09:48:52+00:00\" \/>\n<meta name=\"twitter:card\" content=\"summary_large_image\" \/>\n<meta name=\"twitter:label1\" content=\"Dur\u00e9e de lecture estim\u00e9e\" \/>\n\t<meta name=\"twitter:data1\" content=\"1 minute\" \/>\n<script type=\"application\/ld+json\" class=\"yoast-schema-graph\">{\"@context\":\"https:\/\/schema.org\",\"@graph\":[{\"@type\":\"WebPage\",\"@id\":\"https:\/\/lamaisonwisteria.fr\/index.php\/la-piscine\/\",\"url\":\"https:\/\/lamaisonwisteria.fr\/index.php\/la-piscine\/\",\"name\":\"La piscine -\",\"isPartOf\":{\"@id\":\"https:\/\/lamaisonwisteria.fr\/#website\"},\"datePublished\":\"2023-04-01T11:18:09+00:00\",\"dateModified\":\"2023-06-09T09:48:52+00:00\",\"breadcrumb\":{\"@id\":\"https:\/\/lamaisonwisteria.fr\/index.php\/la-piscine\/#breadcrumb\"},\"inLanguage\":\"fr-FR\",\"potentialAction\":[{\"@type\":\"ReadAction\",\"target\":[\"https:\/\/lamaisonwisteria.fr\/index.php\/la-piscine\/\"]}]},{\"@type\":\"BreadcrumbList\",\"@id\":\"https:\/\/lamaisonwisteria.fr\/index.php\/la-piscine\/#breadcrumb\",\"itemListElement\":[{\"@type\":\"ListItem\",\"position\":1,\"name\":\"Accueil\",\"item\":\"https:\/\/lamaisonwisteria.fr\/\"},{\"@type\":\"ListItem\",\"position\":2,\"name\":\"La piscine\"}]},{\"@type\":\"WebSite\",\"@id\":\"https:\/\/lamaisonwisteria.fr\/#website\",\"url\":\"https:\/\/lamaisonwisteria.fr\/\",\"name\":\"\",\"description\":\"Chambres d&#039;h\u00f4tes au coeur de la Dr\u00f4me Proven\u00e7ale\",\"potentialAction\":[{\"@type\":\"SearchAction\",\"target\":{\"@type\":\"EntryPoint\",\"urlTemplate\":\"https:\/\/lamaisonwisteria.fr\/?s={search_term_string}\"},\"query-input\":\"required name=search_term_string\"}],\"inLanguage\":\"fr-FR\"}]}<\/script>\n<!-- \/ Yoast SEO plugin. -->","yoast_head_json":{"title":"La piscine -","robots":{"index":"index","follow":"follow","max-snippet":"max-snippet:-1","max-image-preview":"max-image-preview:large","max-video-preview":"max-video-preview:-1"},"canonical":"https:\/\/lamaisonwisteria.fr\/index.php\/la-piscine\/","og_locale":"fr_FR","og_type":"article","og_title":"La piscine -","og_description":"La piscine De juin \u00e0 septembre, profitez de la piscine de la maison WISTERIA.\u00a0","og_url":"https:\/\/lamaisonwisteria.fr\/index.php\/la-piscine\/","article_modified_time":"2023-06-09T09:48:52+00:00","twitter_card":"summary_large_image","twitter_misc":{"Dur\u00e9e de lecture estim\u00e9e":"1 minute"},"schema":{"@context":"https:\/\/schema.org","@graph":[{"@type":"WebPage","@id":"https:\/\/lamaisonwisteria.fr\/index.php\/la-piscine\/","url":"https:\/\/lamaisonwisteria.fr\/index.php\/la-piscine\/","name":"La piscine -","isPartOf":{"@id":"https:\/\/lamaisonwisteria.fr\/#website"},"datePublished":"2023-04-01T11:18:09+00:00","dateModified":"2023-06-09T09:48:52+00:00","breadcrumb":{"@id":"https:\/\/lamaisonwisteria.fr\/index.php\/la-piscine\/#breadcrumb"},"inLanguage":"fr-FR","potentialAction":[{"@type":"ReadAction","target":["https:\/\/lamaisonwisteria.fr\/index.php\/la-piscine\/"]}]},{"@type":"BreadcrumbList","@id":"https:\/\/lamaisonwisteria.fr\/index.php\/la-piscine\/#breadcrumb","itemListElement":[{"@type":"ListItem","position":1,"name":"Accueil","item":"https:\/\/lamaisonwisteria.fr\/"},{"@type":"ListItem","position":2,"name":"La piscine"}]},{"@type":"WebSite","@id":"https:\/\/lamaisonwisteria.fr\/#website","url":"https:\/\/lamaisonwisteria.fr\/","name":"","description":"Chambres d&#039;h\u00f4tes au coeur de la Dr\u00f4me Proven\u00e7ale","potentialAction":[{"@type":"SearchAction","target":{"@type":"EntryPoint","urlTemplate":"https:\/\/lamaisonwisteria.fr\/?s={search_term_string}"},"query-input":"required name=search_term_string"}],"inLanguage":"fr-FR"}]}},"_links":{"self":[{"href":"https:\/\/lamaisonwisteria.fr\/index.php\/wp-json\/wp\/v2\/pages\/90","targetHints":{"allow":["GET"]}}],"collection":[{"href":"https:\/\/lamaisonwisteria.fr\/index.php\/wp-json\/wp\/v2\/pages"}],"about":[{"href":"https:\/\/lamaisonwisteria.fr\/index.php\/wp-json\/wp\/v2\/types\/page"}],"author":[{"embeddable":true,"href":"https:\/\/lamaisonwisteria.fr\/index.php\/wp-json\/wp\/v2\/users\/1"}],"replies":[{"embeddable":true,"href":"https:\/\/lamaisonwisteria.fr\/index.php\/wp-json\/wp\/v2\/comments?post=90"}],"version-history":[{"count":12,"href":"https:\/\/lamaisonwisteria.fr\/index.php\/wp-json\/wp\/v2\/pages\/90\/revisions"}],"predecessor-version":[{"id":770,"href":"https:\/\/lamaisonwisteria.fr\/index.php\/wp-json\/wp\/v2\/pages\/90\/revisions\/770"}],"wp:attachment":[{"href":"https:\/\/lamaisonwisteria.fr\/index.php\/wp-json\/wp\/v2\/media?parent=90"}],"curies":[{"name":"wp","href":"https:\/\/api.w.org\/{rel}","templated":true}]}}