{"id":120,"date":"2023-03-29T13:15:18","date_gmt":"2023-03-29T11:15:18","guid":{"rendered":"http:\/\/lamaisonwisteria.fr\/?page_id=120"},"modified":"2026-04-01T18:36:59","modified_gmt":"2026-04-01T16:36:59","slug":"evenements-agenda","status":"publish","type":"page","link":"https:\/\/lamaisonwisteria.fr\/index.php\/evenements-agenda\/","title":{"rendered":"Ev\u00e8nements &#8211; agenda"},"content":{"rendered":"<p>[et_pb_section fb_built=\u00a0\u00bb1&Prime; _builder_version=\u00a0\u00bb4.21.0&Prime; _module_preset=\u00a0\u00bbdefault\u00a0\u00bb background_image=\u00a0\u00bbhttps:\/\/lamaisonwisteria.fr\/wp-content\/uploads\/2023\/04\/fond-pierre.jpg\u00a0\u00bb min_height=\u00a0\u00bb486.8px\u00a0\u00bb global_colors_info=\u00a0\u00bb{}\u00a0\u00bb][et_pb_row _builder_version=\u00a0\u00bb4.21.0&Prime; _module_preset=\u00a0\u00bbdefault\u00a0\u00bb global_colors_info=\u00a0\u00bb{}\u00a0\u00bb][et_pb_column type=\u00a0\u00bb4_4&Prime; _builder_version=\u00a0\u00bb4.21.0&Prime; _module_preset=\u00a0\u00bbdefault\u00a0\u00bb global_colors_info=\u00a0\u00bb{}\u00a0\u00bb][et_pb_text _builder_version=\u00a0\u00bb4.21.0&Prime; _module_preset=\u00a0\u00bbdefault\u00a0\u00bb width=\u00a0\u00bb56.9%\u00a0\u00bb global_colors_info=\u00a0\u00bb{}\u00a0\u00bb]<\/p>\n<p>La r\u00e9gion est riche en \u00e9v\u00e8nements tout au long de l&rsquo;ann\u00e9e, n&rsquo;h\u00e9sitez pas \u00e0 consulter l&rsquo;agenda en ligne ci-dessous :<\/p>\n<p>[\/et_pb_text][et_pb_code _builder_version=\u00a0\u00bb4.27.6&Prime; _module_preset=\u00a0\u00bbdefault\u00a0\u00bb custom_padding=\u00a0\u00bb||217px|||\u00a0\u00bb hover_enabled=\u00a0\u00bb0&Prime; global_colors_info=\u00a0\u00bb{}\u00a0\u00bb sticky_enabled=\u00a0\u00bb0&Prime;]<!-- Integration Widget Apidae --><!-- [et_pb_line_break_holder] --><apidae-widget-liste widget-id=\"44\"><\/apidae-widget-liste><!-- [et_pb_line_break_holder] --><!-- [et_pb_line_break_holder] --><script src=\"https:\/\/components.apidae-tourisme.com\/apidae-widgets.js\" type=\"module\"><\/script>[\/et_pb_code][\/et_pb_column][\/et_pb_row][\/et_pb_section]<\/p>\n","protected":false},"excerpt":{"rendered":"<p>La r\u00e9gion est riche en \u00e9v\u00e8nements tout au long de l&rsquo;ann\u00e9e, n&rsquo;h\u00e9sitez pas \u00e0 consulter l&rsquo;agenda en ligne ci-dessous :<\/p>\n","protected":false},"author":1,"featured_media":0,"parent":0,"menu_order":0,"comment_status":"closed","ping_status":"closed","template":"","meta":{"_et_pb_use_builder":"on","_et_pb_old_content":"","_et_gb_content_width":"","om_disable_all_campaigns":false,"_mi_skip_tracking":false,"footnotes":""},"class_list":["post-120","page","type-page","status-publish","hentry"],"aioseo_notices":[],"yoast_head":"<!-- This site is optimized with the Yoast SEO plugin v20.5 - https:\/\/yoast.com\/wordpress\/plugins\/seo\/ -->\n<title>Ev\u00e8nements - agenda -<\/title>\n<meta name=\"robots\" content=\"index, follow, max-snippet:-1, max-image-preview:large, max-video-preview:-1\" \/>\n<link rel=\"canonical\" href=\"https:\/\/lamaisonwisteria.fr\/index.php\/evenements-agenda\/\" \/>\n<meta property=\"og:locale\" content=\"fr_FR\" \/>\n<meta property=\"og:type\" content=\"article\" \/>\n<meta property=\"og:title\" content=\"Ev\u00e8nements - agenda -\" \/>\n<meta property=\"og:description\" content=\"La r\u00e9gion est riche en \u00e9v\u00e8nements tout au long de l&#039;ann\u00e9e, n&#039;h\u00e9sitez pas \u00e0 consulter l&#039;agenda en ligne ci-dessous :\" \/>\n<meta property=\"og:url\" content=\"https:\/\/lamaisonwisteria.fr\/index.php\/evenements-agenda\/\" \/>\n<meta property=\"article:modified_time\" content=\"2026-04-01T16:36:59+00:00\" \/>\n<meta name=\"twitter:card\" content=\"summary_large_image\" \/>\n<meta name=\"twitter:label1\" content=\"Dur\u00e9e de lecture estim\u00e9e\" \/>\n\t<meta name=\"twitter:data1\" content=\"1 minute\" \/>\n<script type=\"application\/ld+json\" class=\"yoast-schema-graph\">{\"@context\":\"https:\/\/schema.org\",\"@graph\":[{\"@type\":\"WebPage\",\"@id\":\"https:\/\/lamaisonwisteria.fr\/index.php\/evenements-agenda\/\",\"url\":\"https:\/\/lamaisonwisteria.fr\/index.php\/evenements-agenda\/\",\"name\":\"Ev\u00e8nements - agenda -\",\"isPartOf\":{\"@id\":\"https:\/\/lamaisonwisteria.fr\/#website\"},\"datePublished\":\"2023-03-29T11:15:18+00:00\",\"dateModified\":\"2026-04-01T16:36:59+00:00\",\"breadcrumb\":{\"@id\":\"https:\/\/lamaisonwisteria.fr\/index.php\/evenements-agenda\/#breadcrumb\"},\"inLanguage\":\"fr-FR\",\"potentialAction\":[{\"@type\":\"ReadAction\",\"target\":[\"https:\/\/lamaisonwisteria.fr\/index.php\/evenements-agenda\/\"]}]},{\"@type\":\"BreadcrumbList\",\"@id\":\"https:\/\/lamaisonwisteria.fr\/index.php\/evenements-agenda\/#breadcrumb\",\"itemListElement\":[{\"@type\":\"ListItem\",\"position\":1,\"name\":\"Accueil\",\"item\":\"https:\/\/lamaisonwisteria.fr\/\"},{\"@type\":\"ListItem\",\"position\":2,\"name\":\"Ev\u00e8nements &#8211; agenda\"}]},{\"@type\":\"WebSite\",\"@id\":\"https:\/\/lamaisonwisteria.fr\/#website\",\"url\":\"https:\/\/lamaisonwisteria.fr\/\",\"name\":\"\",\"description\":\"Chambres d&#039;h\u00f4tes au coeur de la Dr\u00f4me Proven\u00e7ale\",\"potentialAction\":[{\"@type\":\"SearchAction\",\"target\":{\"@type\":\"EntryPoint\",\"urlTemplate\":\"https:\/\/lamaisonwisteria.fr\/?s={search_term_string}\"},\"query-input\":\"required name=search_term_string\"}],\"inLanguage\":\"fr-FR\"}]}<\/script>\n<!-- \/ Yoast SEO plugin. -->","yoast_head_json":{"title":"Ev\u00e8nements - agenda -","robots":{"index":"index","follow":"follow","max-snippet":"max-snippet:-1","max-image-preview":"max-image-preview:large","max-video-preview":"max-video-preview:-1"},"canonical":"https:\/\/lamaisonwisteria.fr\/index.php\/evenements-agenda\/","og_locale":"fr_FR","og_type":"article","og_title":"Ev\u00e8nements - agenda -","og_description":"La r\u00e9gion est riche en \u00e9v\u00e8nements tout au long de l'ann\u00e9e, n'h\u00e9sitez pas \u00e0 consulter l'agenda en ligne ci-dessous :","og_url":"https:\/\/lamaisonwisteria.fr\/index.php\/evenements-agenda\/","article_modified_time":"2026-04-01T16:36:59+00:00","twitter_card":"summary_large_image","twitter_misc":{"Dur\u00e9e de lecture estim\u00e9e":"1 minute"},"schema":{"@context":"https:\/\/schema.org","@graph":[{"@type":"WebPage","@id":"https:\/\/lamaisonwisteria.fr\/index.php\/evenements-agenda\/","url":"https:\/\/lamaisonwisteria.fr\/index.php\/evenements-agenda\/","name":"Ev\u00e8nements - agenda -","isPartOf":{"@id":"https:\/\/lamaisonwisteria.fr\/#website"},"datePublished":"2023-03-29T11:15:18+00:00","dateModified":"2026-04-01T16:36:59+00:00","breadcrumb":{"@id":"https:\/\/lamaisonwisteria.fr\/index.php\/evenements-agenda\/#breadcrumb"},"inLanguage":"fr-FR","potentialAction":[{"@type":"ReadAction","target":["https:\/\/lamaisonwisteria.fr\/index.php\/evenements-agenda\/"]}]},{"@type":"BreadcrumbList","@id":"https:\/\/lamaisonwisteria.fr\/index.php\/evenements-agenda\/#breadcrumb","itemListElement":[{"@type":"ListItem","position":1,"name":"Accueil","item":"https:\/\/lamaisonwisteria.fr\/"},{"@type":"ListItem","position":2,"name":"Ev\u00e8nements &#8211; agenda"}]},{"@type":"WebSite","@id":"https:\/\/lamaisonwisteria.fr\/#website","url":"https:\/\/lamaisonwisteria.fr\/","name":"","description":"Chambres d&#039;h\u00f4tes au coeur de la Dr\u00f4me Proven\u00e7ale","potentialAction":[{"@type":"SearchAction","target":{"@type":"EntryPoint","urlTemplate":"https:\/\/lamaisonwisteria.fr\/?s={search_term_string}"},"query-input":"required name=search_term_string"}],"inLanguage":"fr-FR"}]}},"_links":{"self":[{"href":"https:\/\/lamaisonwisteria.fr\/index.php\/wp-json\/wp\/v2\/pages\/120","targetHints":{"allow":["GET"]}}],"collection":[{"href":"https:\/\/lamaisonwisteria.fr\/index.php\/wp-json\/wp\/v2\/pages"}],"about":[{"href":"https:\/\/lamaisonwisteria.fr\/index.php\/wp-json\/wp\/v2\/types\/page"}],"author":[{"embeddable":true,"href":"https:\/\/lamaisonwisteria.fr\/index.php\/wp-json\/wp\/v2\/users\/1"}],"replies":[{"embeddable":true,"href":"https:\/\/lamaisonwisteria.fr\/index.php\/wp-json\/wp\/v2\/comments?post=120"}],"version-history":[{"count":37,"href":"https:\/\/lamaisonwisteria.fr\/index.php\/wp-json\/wp\/v2\/pages\/120\/revisions"}],"predecessor-version":[{"id":900,"href":"https:\/\/lamaisonwisteria.fr\/index.php\/wp-json\/wp\/v2\/pages\/120\/revisions\/900"}],"wp:attachment":[{"href":"https:\/\/lamaisonwisteria.fr\/index.php\/wp-json\/wp\/v2\/media?parent=120"}],"curies":[{"name":"wp","href":"https:\/\/api.w.org\/{rel}","templated":true}]}}